{"id":2543,"date":"2023-11-06T17:35:29","date_gmt":"2023-11-06T17:35:29","guid":{"rendered":"https:\/\/vsg-resort.com\/o-osnivacici\/"},"modified":"2025-06-19T08:30:41","modified_gmt":"2025-06-19T08:30:41","slug":"o-osnivacici","status":"publish","type":"page","link":"https:\/\/vsg-resort.com\/hr\/o-osnivacici\/","title":{"rendered":"O osniva\u010dici"},"content":{"rendered":"<p>[et_pb_section fb_built=&#8221;1&#8243; admin_label=&#8221;Header&#8221; _builder_version=&#8221;4.23&#8243; _module_preset=&#8221;fbafb657-7e89-4a5f-a215-c1002b08098f&#8221; background_image=&#8221;https:\/\/vsg-resort.com\/wp-content\/uploads\/2023\/10\/DSC04730_reduce.jpg&#8221; custom_margin=&#8221;0px||0px||true|false&#8221; custom_padding=&#8221;50px||80px||false|false&#8221; locked=&#8221;off&#8221; collapsed=&#8221;off&#8221; global_colors_info=&#8221;{}&#8221;][et_pb_row _builder_version=&#8221;4.23&#8243; _module_preset=&#8221;default&#8221; custom_margin=&#8221;0px||0px||true|false&#8221; custom_padding=&#8221;0px||0px||true|false&#8221; collapsed=&#8221;off&#8221; global_colors_info=&#8221;{}&#8221;][et_pb_column type=&#8221;4_4&#8243; _builder_version=&#8221;4.22.0&#8243; _module_preset=&#8221;default&#8221; custom_padding=&#8221;60px||60px||true|false&#8221; custom_padding_tablet=&#8221;0px||0px||true|false&#8221; custom_padding_phone=&#8221;0px||0px||true|false&#8221; custom_padding_last_edited=&#8221;on|desktop&#8221; global_colors_info=&#8221;{}&#8221;][et_pb_text _builder_version=&#8221;4.23&#8243; _module_preset=&#8221;4b7e4325-18df-4fb4-b825-9bdbf7f3cb73&#8243; header_text_align=&#8221;center&#8221; header_text_color=&#8221;#FFFFFF&#8221; global_colors_info=&#8221;{}&#8221;]<\/p>\n<h1 style=\"text-align: center;\">UM\u2022 TIJELO \u2022 SRCE<\/h1>\n<p>[\/et_pb_text][\/et_pb_column][\/et_pb_row][\/et_pb_section][et_pb_section fb_built=&#8221;1&#8243; custom_padding_last_edited=&#8221;on|tablet&#8221; admin_label=&#8221;Feature&#8221; _builder_version=&#8221;4.23&#8243; _module_preset=&#8221;default&#8221; background_color=&#8221;#EDE7DC&#8221; background_image=&#8221;https:\/\/vsg-resort.com\/wp-content\/uploads\/2024\/01\/Master-39.png&#8221; parallax=&#8221;on&#8221; background_blend=&#8221;multiply&#8221; custom_padding=&#8221;80px||80px||true|false&#8221; custom_padding_tablet=&#8221;40px||40px||true|false&#8221; custom_padding_phone=&#8221;40px||40px||true|false&#8221; locked=&#8221;off&#8221; collapsed=&#8221;off&#8221; global_colors_info=&#8221;{}&#8221;][et_pb_row column_structure=&#8221;1_2,1_2&#8243; _builder_version=&#8221;4.23&#8243; _module_preset=&#8221;default&#8221; global_colors_info=&#8221;{}&#8221;][et_pb_column type=&#8221;1_2&#8243; _builder_version=&#8221;4.22.0&#8243; _module_preset=&#8221;default&#8221; global_colors_info=&#8221;{}&#8221;][et_pb_image src=&#8221;https:\/\/vsg-resort.com\/wp-content\/uploads\/2024\/01\/VSG_Klimno_4000px_190523-33_reduce.jpg&#8221; title_text=&#8221;VSG_Klimno_4000px_190523-33_reduce&#8221; show_bottom_space=&#8221;off&#8221; _builder_version=&#8221;4.23&#8243; _module_preset=&#8221;default&#8221; custom_margin=&#8221;|20%||-20%|false|false&#8221; border_color_all=&#8221;#9EBBC8&#8243; box_shadow_style=&#8221;preset3&#8243; global_colors_info=&#8221;{}&#8221;][\/et_pb_image][et_pb_gallery gallery_ids=&#8221;2855,617,251,616,417,243,414&#8243; fullwidth=&#8221;on&#8221; module_class=&#8221;lwp-arrow-color&#8221; _builder_version=&#8221;4.24.2&#8243; _module_preset=&#8221;default&#8221; max_width=&#8221;60%&#8221; module_alignment=&#8221;right&#8221; custom_margin=&#8221;-80%||||false|false&#8221; custom_padding=&#8221;|0%||0%|false|false&#8221; animation_style=&#8221;slide&#8221; animation_direction=&#8221;right&#8221; auto=&#8221;on&#8221; auto_speed=&#8221;4000&#8243; box_shadow_style=&#8221;preset1&#8243; box_shadow_blur=&#8221;10px&#8221; locked=&#8221;off&#8221; global_colors_info=&#8221;{}&#8221;][\/et_pb_gallery][\/et_pb_column][et_pb_column type=&#8221;1_2&#8243; _builder_version=&#8221;4.22.0&#8243; _module_preset=&#8221;default&#8221; global_colors_info=&#8221;{}&#8221;][et_pb_text _builder_version=&#8221;4.23&#8243; _module_preset=&#8221;d8a93c14-d506-4678-a69a-6c7ba3b25a8c&#8221; custom_margin=&#8221;||10px||false|false&#8221; animation_style=&#8221;slide&#8221; animation_direction=&#8221;right&#8221; global_colors_info=&#8221;{}&#8221;]<\/p>\n<h1>Pozdrav i dobrodo\u0161li!<b><br \/><\/b><\/h1>\n<p>[\/et_pb_text][et_pb_text _builder_version=&#8221;4.23&#8243; _module_preset=&#8221;c4ffa35d-6f19-454d-afb8-3f59c4c3af3d&#8221; text_font_size=&#8221;14px&#8221; custom_padding=&#8221;|30px|||false|false&#8221; global_colors_info=&#8221;{}&#8221;]<\/p>\n<p>Ja sam Jekaterina Kabanova, osniva\u010dica VSG Resorta i trenerica neurointegracije.<\/p>\n<p>Sa svojim partnerima, izgradili smo VSG Resort na otoku Krku od nule &#8211; pravi izazov i jedinstvena prilika.<\/p>\n<p><strong>\u017divot mo\u017ee postati stvarno intenzivan, zar ne?<\/strong> Uzbudjenje \u010desto preraste u umor ili anksioznost, stvaraju\u0107i kaos.<\/p>\n<p>Tra\u017ee\u0107i mir, okrenula sam se jogi, ali njezino uklapanje u u\u017eurbani tempo \u017eivota je zahtjevno. Prije dvije godine, uronila sam u razumijevanje kako funkcioniranje na\u0161eg mozga utje\u010de na na\u0161e blagostanje. Spajaju\u0107i znanje neuroznanosti s mudro\u0161\u0107u joge, stvorila sam okvir za stabilnu energiju i sre\u0107u.<\/p>\n<p>To nije \u010darobna pilula, ve\u0107 transformacija \u017eivota koja zahtijeva svakodnevni trud u tri klju\u010dna podru\u010dja: osje\u0107anju, razmi\u0161ljanju i djelovanju. Ne provodim sate na prakticiranje; cijeli algoritam besprijekorno je integriran u moju dnevnu rutinu.<\/p>\n<p>[\/et_pb_text][et_pb_button button_url=&#8221;https:\/\/api.whatsapp.com\/send\/?phone=%2B385915298808&amp;text&amp;type=phone_number&amp;app_absent=0&#8243; button_text=&#8221;Rezervirajte poziv&#8221; button_alignment=&#8221;left&#8221; _builder_version=&#8221;4.24.2&#8243; _module_preset=&#8221;efdb95e4-64bc-4659-8b00-b4ba51a36752&#8243; animation_style=&#8221;slide&#8221; hover_enabled=&#8221;0&#8243; locked=&#8221;off&#8221; global_colors_info=&#8221;{}&#8221; sticky_enabled=&#8221;0&#8243;][\/et_pb_button][\/et_pb_column][\/et_pb_row][\/et_pb_section][et_pb_section fb_built=&#8221;1&#8243; custom_padding_last_edited=&#8221;on|tablet&#8221; next_background_color=&#8221;#EDE7DC&#8221; admin_label=&#8221;Feature&#8221; _builder_version=&#8221;4.23&#8243; _module_preset=&#8221;default&#8221; background_image=&#8221;https:\/\/vsg-resort.com\/wp-content\/uploads\/2023\/10\/DSC07249_reduce.jpg&#8221; parallax=&#8221;on&#8221; overflow-x=&#8221;hidden&#8221; overflow-y=&#8221;hidden&#8221; custom_padding=&#8221;150px||150px||true|false&#8221; custom_padding_tablet=&#8221;100px||100px||true|false&#8221; custom_padding_phone=&#8221;80px||80px||true|false&#8221; top_divider_style=&#8221;wave2&#8243; top_divider_color=&#8221;#EDE7DC&#8221; top_divider_height=&#8221;50px&#8221; top_divider_height_tablet=&#8221;50px&#8221; top_divider_height_phone=&#8221;25px&#8221; top_divider_height_last_edited=&#8221;on|phone&#8221; bottom_divider_style=&#8221;wave2&#8243; bottom_divider_height=&#8221;50px&#8221; bottom_divider_flip=&#8221;horizontal&#8221; bottom_divider_height_tablet=&#8221;50px&#8221; bottom_divider_height_phone=&#8221;25px&#8221; bottom_divider_height_last_edited=&#8221;on|phone&#8221; locked=&#8221;off&#8221; collapsed=&#8221;off&#8221; global_colors_info=&#8221;{}&#8221;][et_pb_row column_structure=&#8221;1_3,1_3,1_3&#8243; _builder_version=&#8221;4.23&#8243; _module_preset=&#8221;default&#8221; animation_style=&#8221;slide&#8221; global_colors_info=&#8221;{}&#8221;][et_pb_column type=&#8221;1_3&#8243; _builder_version=&#8221;4.23&#8243; _module_preset=&#8221;default&#8221; global_colors_info=&#8221;{}&#8221;][et_pb_number_counter title=&#8221; odraslih do\u017eivljava stres zbog neizvjesnosti \u00b9&#8221; number=&#8221;65&#8243; _builder_version=&#8221;4.23&#8243; _module_preset=&#8221;default&#8221; title_font=&#8221;||||||||&#8221; title_text_color=&#8221;#AA9380&#8243; global_colors_info=&#8221;{}&#8221;][\/et_pb_number_counter][\/et_pb_column][et_pb_column type=&#8221;1_3&#8243; _builder_version=&#8221;4.23&#8243; _module_preset=&#8221;default&#8221; global_colors_info=&#8221;{}&#8221;][et_pb_number_counter title=&#8221;ljudi diljem svijeta pate od mentalnih poreme\u0107aja \u2074&#8221; number=&#8221;1 milijarda&#8221; percent_sign=&#8221;off&#8221; _builder_version=&#8221;4.23&#8243; _module_preset=&#8221;default&#8221; title_text_color=&#8221;#AA9380&#8243; global_colors_info=&#8221;{}&#8221;][\/et_pb_number_counter][\/et_pb_column][et_pb_column type=&#8221;1_3&#8243; _builder_version=&#8221;4.23&#8243; _module_preset=&#8221;default&#8221; global_colors_info=&#8221;{}&#8221;][et_pb_number_counter title=&#8221;zaposlenika iskusi stres na poslu i izgaranje \u00b2 \u00b3&#8221; number=&#8221;74-79&#8243; _builder_version=&#8221;4.23&#8243; _module_preset=&#8221;default&#8221; title_text_color=&#8221;#AA9380&#8243; global_colors_info=&#8221;{}&#8221;][\/et_pb_number_counter][\/et_pb_column][\/et_pb_row][et_pb_row _builder_version=&#8221;4.23&#8243; _module_preset=&#8221;default&#8221; global_colors_info=&#8221;{}&#8221;][et_pb_column type=&#8221;4_4&#8243; _builder_version=&#8221;4.23&#8243; _module_preset=&#8221;default&#8221; global_colors_info=&#8221;{}&#8221;][et_pb_text _builder_version=&#8221;4.23&#8243; _module_preset=&#8221;c4ffa35d-6f19-454d-afb8-3f59c4c3af3d&#8221; text_font_size=&#8221;14px&#8221; text_orientation=&#8221;center&#8221; custom_padding=&#8221;|30px|||false|false&#8221; global_colors_info=&#8221;{}&#8221;]* Prema istra\u017eivanju (1) APA, (2) APA, (3) Gallup, i (4) WHO[\/et_pb_text][\/et_pb_column][\/et_pb_row][et_pb_row _builder_version=&#8221;4.23&#8243; _module_preset=&#8221;default&#8221; background_color=&#8221;#AA9380&#8243; box_shadow_style=&#8221;preset3&#8243; global_colors_info=&#8221;{}&#8221;][et_pb_column type=&#8221;4_4&#8243; _builder_version=&#8221;4.23&#8243; _module_preset=&#8221;default&#8221; global_colors_info=&#8221;{}&#8221;][et_pb_text _builder_version=&#8221;4.23&#8243; _module_preset=&#8221;c4ffa35d-6f19-454d-afb8-3f59c4c3af3d&#8221; text_text_color=&#8221;#FFFFFF&#8221; text_font_size=&#8221;14px&#8221; background_enable_color=&#8221;off&#8221; custom_padding=&#8221;20px|20px|20px|20px|true|true&#8221; global_colors_info=&#8221;{}&#8221;]<\/p>\n<p style=\"text-align: center;\">\u017divimo u svijetu koji se vrlo brzo razvija i na\u017ealost nije svatko tome prilagodljiv. Nije u na\u0161im rukama da mijenjamo svijet, ali mo\u017eemo dopustiti pojedincima s visokim intenzitetom \u017eivota da zastanu, povuku se i do\u017eive radost unutar prirodne ljepote otoka Krka.<strong><\/strong><\/p>\n<p style=\"text-align: center;\"><strong>Na\u0161a misija je pomo\u0107i ljudima s izrazito intenzivnim \u017eivotnim ritmom da smanje stres i sprije\u010de izgaranje.<\/strong><\/p>\n<p>[\/et_pb_text][et_pb_button button_url=&#8221;https:\/\/neurointegration.typeform.com\/to\/C2lQ1Q9h?typeform-source=neurointegration.getcourse.ru&#8221; url_new_window=&#8221;on&#8221; button_text=&#8221;Zapo\u010dni test&#8221; button_alignment=&#8221;center&#8221; _builder_version=&#8221;4.23&#8243; _module_preset=&#8221;2f8ade92-8be4-45dd-8ee5-22786ac25ce6&#8243; locked=&#8221;off&#8221; global_colors_info=&#8221;{}&#8221;][\/et_pb_button][\/et_pb_column][\/et_pb_row][\/et_pb_section][et_pb_section fb_built=&#8221;1&#8243; custom_padding_last_edited=&#8221;on|tablet&#8221; admin_label=&#8221;About&#8221; _builder_version=&#8221;4.23&#8243; _module_preset=&#8221;default&#8221; background_color=&#8221;#EDE7DC&#8221; background_image=&#8221;https:\/\/vsg-resort.com\/wp-content\/uploads\/2024\/01\/Master-37.png&#8221; parallax=&#8221;on&#8221; custom_padding=&#8221;80px||80px||true|false&#8221; custom_padding_tablet=&#8221;40px||40px||true|false&#8221; custom_padding_phone=&#8221;40px||40px||true|false&#8221; locked=&#8221;off&#8221; collapsed=&#8221;on&#8221; global_colors_info=&#8221;{}&#8221;][et_pb_row _builder_version=&#8221;4.17.6&#8243; _module_preset=&#8221;default&#8221; max_width=&#8221;890px&#8221; global_colors_info=&#8221;{}&#8221;][et_pb_column type=&#8221;4_4&#8243; _builder_version=&#8221;4.17.6&#8243; _module_preset=&#8221;default&#8221; global_colors_info=&#8221;{}&#8221;][et_pb_text _builder_version=&#8221;4.23&#8243; _module_preset=&#8221;default&#8221; custom_padding=&#8221;||30px||false|false&#8221; animation_style=&#8221;slide&#8221; global_colors_info=&#8221;{}&#8221;]<\/p>\n<h1 style=\"text-align: center;\">Kako mo\u017eemo sura\u0111ivati<\/h1>\n<p>[\/et_pb_text][\/et_pb_column][\/et_pb_row][et_pb_row column_structure=&#8221;1_3,1_3,1_3&#8243; use_custom_gutter=&#8221;on&#8221; gutter_width=&#8221;2&#8243; make_equal=&#8221;on&#8221; _builder_version=&#8221;4.23&#8243; _module_preset=&#8221;default&#8221; module_alignment=&#8221;center&#8221; custom_padding=&#8221;50px||50px||true|false&#8221; global_colors_info=&#8221;{}&#8221;][et_pb_column type=&#8221;1_3&#8243; _builder_version=&#8221;4.23&#8243; _module_preset=&#8221;default&#8221; background_color=&#8221;#76765B&#8221; custom_padding=&#8221;20px|20px|30px|20px|false|true&#8221; animation_style=&#8221;fade&#8221; box_shadow_style=&#8221;preset3&#8243; box_shadow_blur=&#8221;10px&#8221; global_colors_info=&#8221;{}&#8221;][et_pb_image src=&#8221;https:\/\/vsg-resort.com\/wp-content\/uploads\/2023\/10\/Asset-15@500x.png&#8221; title_text=&#8221;Asset 15@500x&#8221; align=&#8221;center&#8221; disabled_on=&#8221;on|on|off&#8221; _builder_version=&#8221;4.23&#8243; _module_preset=&#8221;default&#8221; width=&#8221;50%&#8221; custom_margin=&#8221;-95px||||false|false&#8221; custom_padding=&#8221;||||false|false&#8221; animation_style=&#8221;roll&#8221; global_colors_info=&#8221;{}&#8221;][\/et_pb_image][et_pb_gallery gallery_ids=&#8221;198,236,635,785,404&#8243; fullwidth=&#8221;on&#8221; module_class=&#8221;lwp-arrow-color&#8221; _builder_version=&#8221;4.23&#8243; _module_preset=&#8221;default&#8221; auto=&#8221;on&#8221; auto_speed=&#8221;5000&#8243; global_colors_info=&#8221;{}&#8221;][\/et_pb_gallery][et_pb_text _builder_version=&#8221;4.23&#8243; _module_preset=&#8221;default&#8221; text_text_color=&#8221;#FFFFFF&#8221; header_text_color=&#8221;#FFFFFF&#8221; custom_padding=&#8221;20px||20px||true|false&#8221; global_colors_info=&#8221;{}&#8221;]<\/p>\n<h1 style=\"text-align: center;\"> Organizacija evenata<\/h1>\n<p style=\"text-align: center;\"><span style=\"font-weight: 400;\">Kao iskusan organizator retreata, odnosno relaksiraju\u0107eg uto\u010di\u0161ta i programa samorazvoja, rado \u0107u vam pomo\u0107i u organizaciji va\u0161eg eventa ili retreata u VSG resortu. Osobno \u0107u vas voditi kroz svaki korak va\u0161eg putovanja. Mo\u017eemo zapo\u010deti s 30-minutnim pozivom.<\/span><\/p>\n<p>[\/et_pb_text][\/et_pb_column][et_pb_column type=&#8221;1_3&#8243; _builder_version=&#8221;4.23&#8243; _module_preset=&#8221;default&#8221; background_color=&#8221;#AA9380&#8243; custom_padding=&#8221;20px|20px|30px|20px|false|true&#8221; animation_style=&#8221;fade&#8221; box_shadow_style=&#8221;preset3&#8243; box_shadow_blur=&#8221;10px&#8221; global_colors_info=&#8221;{}&#8221;][et_pb_image src=&#8221;https:\/\/vsg-resort.com\/wp-content\/uploads\/2023\/10\/Asset-13@500x.png&#8221; title_text=&#8221;Asset 13@500x&#8221; align=&#8221;center&#8221; disabled_on=&#8221;on|on|off&#8221; _builder_version=&#8221;4.23&#8243; _module_preset=&#8221;default&#8221; width=&#8221;50%&#8221; custom_margin=&#8221;-95px||||false|false&#8221; custom_padding=&#8221;||||false|false&#8221; animation_style=&#8221;roll&#8221; global_colors_info=&#8221;{}&#8221;][\/et_pb_image][et_pb_gallery gallery_ids=&#8221;191,188,192,600&#8243; fullwidth=&#8221;on&#8221; module_class=&#8221;lwp-arrow-color&#8221; _builder_version=&#8221;4.23&#8243; _module_preset=&#8221;default&#8221; auto=&#8221;on&#8221; auto_speed=&#8221;5000&#8243; global_colors_info=&#8221;{}&#8221;][\/et_pb_gallery][et_pb_text _builder_version=&#8221;4.23&#8243; _module_preset=&#8221;default&#8221; text_text_color=&#8221;#FFFFFF&#8221; header_text_color=&#8221;#FFFFFF&#8221; custom_padding=&#8221;20px||20px||true|false&#8221; global_colors_info=&#8221;{}&#8221;]<\/p>\n<h1 style=\"text-align: center;\">Glavni te\u010daj<\/h1>\n<p style=\"text-align: center;\"><span style=\"font-weight: 400;\">Bit \u0107e mi zadovoljstvo voditi stru\u010dni te\u010daj na va\u0161em eventu, dijele\u0107i svoj jedinstveni algoritam uspjeha i sre\u0107e koji se temelji na razumijevanju mo\u017edanih funkcija i mudrosti joge.<\/span><\/p>\n<p>[\/et_pb_text][\/et_pb_column][et_pb_column type=&#8221;1_3&#8243; _builder_version=&#8221;4.16&#8243; _module_preset=&#8221;default&#8221; background_color=&#8221;#9EBBC8&#8243; custom_padding=&#8221;20px|20px|30px|20px|false|true&#8221; animation_style=&#8221;fade&#8221; box_shadow_style=&#8221;preset3&#8243; box_shadow_blur=&#8221;10px&#8221; global_colors_info=&#8221;{}&#8221;][et_pb_image src=&#8221;https:\/\/vsg-resort.com\/wp-content\/uploads\/2023\/10\/Asset-14@500x.png&#8221; title_text=&#8221;Asset 14@500x&#8221; align=&#8221;center&#8221; disabled_on=&#8221;on|on|off&#8221; _builder_version=&#8221;4.23&#8243; _module_preset=&#8221;default&#8221; width=&#8221;50%&#8221; custom_margin=&#8221;-95px||||false|false&#8221; custom_padding=&#8221;||||false|false&#8221; animation_style=&#8221;roll&#8221; global_colors_info=&#8221;{}&#8221;][\/et_pb_image][et_pb_gallery gallery_ids=&#8221;790,195&#8243; fullwidth=&#8221;on&#8221; module_class=&#8221;lwp-arrow-color&#8221; _builder_version=&#8221;4.23&#8243; _module_preset=&#8221;default&#8221; auto=&#8221;on&#8221; auto_speed=&#8221;5000&#8243; global_colors_info=&#8221;{}&#8221;][\/et_pb_gallery][et_pb_text _builder_version=&#8221;4.23&#8243; _module_preset=&#8221;default&#8221; text_text_color=&#8221;#FFFFFF&#8221; header_text_color=&#8221;#FFFFFF&#8221; custom_padding=&#8221;20px||20px||true|false&#8221; global_colors_info=&#8221;{}&#8221;]<\/p>\n<h1 style=\"text-align: center;\">Individualna sesija<\/h1>\n<p style=\"text-align: center;\"><span style=\"font-weight: 400;\">Ako \u017eelite raditi sa mnom osobno, nudim 20-minutnu uvodnu sesiju na kojoj \u0107u raspraviti \u0161to vas spre\u010dava u postizanju \u017eeljenih rezultata i dati preporuke.<\/span><\/p>\n<p>[\/et_pb_text][\/et_pb_column][\/et_pb_row][et_pb_row _builder_version=&#8221;4.17.6&#8243; _module_preset=&#8221;default&#8221; max_width=&#8221;890px&#8221; global_colors_info=&#8221;{}&#8221;][et_pb_column type=&#8221;4_4&#8243; _builder_version=&#8221;4.17.6&#8243; _module_preset=&#8221;default&#8221; global_colors_info=&#8221;{}&#8221;][et_pb_text _builder_version=&#8221;4.23&#8243; _module_preset=&#8221;default&#8221; animation_style=&#8221;slide&#8221; global_colors_info=&#8221;{}&#8221;]<\/p>\n<h1 style=\"text-align: center;\">Dragi prijatelji, radujem se povezivanju s vama!<\/h1>\n<p>[\/et_pb_text][\/et_pb_column][\/et_pb_row][\/et_pb_section][et_pb_section fb_built=&#8221;1&#8243; custom_padding_last_edited=&#8221;on|tablet&#8221; module_class=&#8221;callwithkate&#8221; _builder_version=&#8221;4.24.2&#8243; _module_preset=&#8221;default&#8221; background_color=&#8221;#9EBBC8&#8243; background_enable_image=&#8221;off&#8221; parallax=&#8221;on&#8221; custom_padding=&#8221;80px||80px||true|false&#8221; custom_padding_tablet=&#8221;40px||40px||true|false&#8221; custom_padding_phone=&#8221;40px||40px||true|false&#8221; global_module=&#8221;1005&#8243; saved_tabs=&#8221;all&#8221; locked=&#8221;off&#8221; global_colors_info=&#8221;{}&#8221;][et_pb_row use_custom_gutter=&#8221;on&#8221; make_equal=&#8221;on&#8221; _builder_version=&#8221;4.23&#8243; _module_preset=&#8221;default&#8221; global_colors_info=&#8221;{}&#8221;][et_pb_column type=&#8221;4_4&#8243; _builder_version=&#8221;4.23&#8243; _module_preset=&#8221;default&#8221; global_colors_info=&#8221;{}&#8221;][et_pb_text _builder_version=&#8221;4.24.2&#8243; _module_preset=&#8221;default&#8221; header_text_color=&#8221;#FFFFFF&#8221; custom_padding=&#8221;|30px|||false|false&#8221; animation_style=&#8221;slide&#8221; animation_direction=&#8221;left&#8221; global_colors_info=&#8221;{}&#8221;]<\/p>\n<h1 class=\"aJYfwRAjpy85vGyjTA_k aNTWZDYqtNuY8Y3A0Rlw nCQmpQ3zRtu1xXb_x8YC lfS31_5Mqhye4NzHzcKh\" style=\"text-align: center;\">30-minutni sastanak o va\u0161em eventu u VSG Resortu<\/h1>\n<p>[\/et_pb_text][et_pb_button button_url=&#8221;https:\/\/wa.me\/+385915298808&#8243; url_new_window=&#8221;on&#8221; button_text=&#8221;KONTAKTIRAJ KATE&#8221; button_alignment=&#8221;center&#8221; _builder_version=&#8221;4.24.2&#8243; _module_preset=&#8221;2f8ade92-8be4-45dd-8ee5-22786ac25ce6&#8243; global_colors_info=&#8221;{}&#8221;][\/et_pb_button][\/et_pb_column][\/et_pb_row][\/et_pb_section]<\/p>\n","protected":false},"excerpt":{"rendered":"<p>UM\u2022 TIJELO \u2022 SRCEPozdrav i dobrodo\u0161li!Ja sam Jekaterina Kabanova, osniva\u010dica VSG Resorta i trenerica neurointegracije. Sa svojim partnerima, izgradili smo VSG Resort na otoku Krku od nule &#8211; pravi izazov i jedinstvena prilika. \u017divot mo\u017ee postati stvarno intenzivan, zar ne? Uzbudjenje \u010desto preraste u umor ili anksioznost, stvaraju\u0107i kaos. Tra\u017ee\u0107i mir, okrenula sam se jogi, ali njezino uklapanje u u\u017eurbani tempo \u017eivota je zahtjevno. Prije dvije godine, uronila sam u razumijevanje kako funkcioniranje na\u0161eg mozga utje\u010de na na\u0161e blagostanje. Spajaju\u0107i znanje neuroznanosti s mudro\u0161\u0107u joge, stvorila sam okvir za stabilnu energiju i sre\u0107u. To nije \u010darobna pilula, ve\u0107 transformacija \u017eivota koja zahtijeva svakodnevni trud u tri klju\u010dna podru\u010dja: osje\u0107anju, razmi\u0161ljanju i djelovanju. Ne provodim sate na prakticiranje; cijeli algoritam besprijekorno je integriran u moju dnevnu rutinu.* Prema istra\u017eivanju (1) APA, (2) APA, (3) Gallup, i (4) WHO\u017divimo u svijetu koji se vrlo brzo razvija i na\u017ealost nije svatko tome prilagodljiv. Nije u na\u0161im rukama da mijenjamo svijet, ali mo\u017eemo dopustiti pojedincima s visokim intenzitetom \u017eivota da zastanu, povuku se i do\u017eive radost unutar prirodne ljepote otoka Krka. Na\u0161a misija je pomo\u0107i ljudima s izrazito intenzivnim \u017eivotnim ritmom da smanje stres i sprije\u010de izgaranje.Kako mo\u017eemo sura\u0111ivati Organizacija evenata Kao iskusan organizator [&hellip;]<\/p>\n","protected":false},"author":2,"featured_media":1773,"parent":0,"menu_order":0,"comment_status":"closed","ping_status":"closed","template":"","meta":{"_et_pb_use_builder":"on","_et_pb_old_content":"","_et_gb_content_width":"","footnotes":""},"class_list":["post-2543","page","type-page","status-publish","has-post-thumbnail","hentry"],"_links":{"self":[{"href":"https:\/\/vsg-resort.com\/hr\/wp-json\/wp\/v2\/pages\/2543","targetHints":{"allow":["GET"]}}],"collection":[{"href":"https:\/\/vsg-resort.com\/hr\/wp-json\/wp\/v2\/pages"}],"about":[{"href":"https:\/\/vsg-resort.com\/hr\/wp-json\/wp\/v2\/types\/page"}],"author":[{"embeddable":true,"href":"https:\/\/vsg-resort.com\/hr\/wp-json\/wp\/v2\/users\/2"}],"replies":[{"embeddable":true,"href":"https:\/\/vsg-resort.com\/hr\/wp-json\/wp\/v2\/comments?post=2543"}],"version-history":[{"count":26,"href":"https:\/\/vsg-resort.com\/hr\/wp-json\/wp\/v2\/pages\/2543\/revisions"}],"predecessor-version":[{"id":4391,"href":"https:\/\/vsg-resort.com\/hr\/wp-json\/wp\/v2\/pages\/2543\/revisions\/4391"}],"wp:featuredmedia":[{"embeddable":true,"href":"https:\/\/vsg-resort.com\/hr\/wp-json\/wp\/v2\/media\/1773"}],"wp:attachment":[{"href":"https:\/\/vsg-resort.com\/hr\/wp-json\/wp\/v2\/media?parent=2543"}],"curies":[{"name":"wp","href":"https:\/\/api.w.org\/{rel}","templated":true}]}}