{"id":2525,"date":"2023-11-06T17:35:29","date_gmt":"2023-11-06T17:35:29","guid":{"rendered":"https:\/\/vsg-resort.com\/pravila-o-privatnosti\/"},"modified":"2024-03-17T16:23:49","modified_gmt":"2024-03-17T16:23:49","slug":"pravila-o-privatnosti","status":"publish","type":"page","link":"https:\/\/vsg-resort.com\/hr\/pravila-o-privatnosti\/","title":{"rendered":"Pravila o privatnosti"},"content":{"rendered":"<h2 class=\"wp-block-heading\">Tko smo mi<\/h2><p><strong class=\"privacy-policy-tutorial\">Suggested text: <\/strong>Na\u0161a web adresa je: https:\/\/vsg-resort.com.<\/p><h2 class=\"wp-block-heading\">Komentari<\/h2><p><strong class=\"privacy-policy-tutorial\">Suggested text:<\/strong> Kada posjetitelji ostavljaju komentare na web mjestu, prikupljamo podatke prikazane u obrascu za komentare, kao i IP adresu posjetitelja i niz korisni\u010dkog agenta preglednika radi pomo\u0107i u otkrivanju ne\u017eeljene po\u0161te.<\/p><p>Anonimizirani niz stvoren od va\u0161e e-adrese (tako\u0111er nazvan he\u0161) mo\u017ee biti dostavljen Gravatar usluzi kako bismo provjerili koristite li je. Pravila o privatnosti Gravatar usluge dostupna su ovdje: https:\/\/automattic.com\/privacy\/. Nakon odobrenja va\u0161eg komentara, va\u0161a slika profila bit \u0107e vidljiva javnosti u kontekstu va\u0161eg komentara.<\/p><h2 class=\"wp-block-heading\">Mediji<\/h2><p><strong class=\"privacy-policy-tutorial\">Suggested text:<\/strong> Ako prenosite slike na web mjesto, trebali biste izbjegavati preno\u0161enje slika s uklju\u010denim ugra\u0111enim podacima o lokaciji (EXIF GPS). Posjetitelji web mjesta mogu preuzeti i izdvojiti bilo koje podatke o lokaciji slika na web mjestu.<\/p><h2 class=\"wp-block-heading\">Kola\u010di\u0107i<\/h2><p><strong class=\"privacy-policy-tutorial\">Suggested text:<\/strong> Ako ostavite komentar na na\u0161em web mjestu, mo\u017eete se odlu\u010diti za pohranu va\u0161eg imena, e-adrese i web mjesta u kola\u010di\u0107ima. To je za va\u0161u ugodnost kako ne biste morali ponovo popunjavati svoje podatke kada ostavite idu\u0107i komentar. Ti kola\u010di\u0107i trajati \u0107e godinu dana.<\/p><p>Ako posjetite na\u0161u stranicu za prijavu, postavit \u0107emo privremeni kola\u010di\u0107 kako bismo utvrdili prihva\u0107a li va\u0161 preglednik kola\u010di\u0107e. Taj kola\u010di\u0107 ne sadr\u017ei osobne podatke i odbacuje se kad zatvorite preglednik.<\/p><p>Kad se prijavite, tako\u0111er \u0107emo postaviti nekoliko kola\u010di\u0107a kako bismo spremili podatke za prijavu i va\u0161e izbore zaslona. Kola\u010di\u0107i prijave traju dva dana, a kola\u010di\u0107i opcija zaslona traju godinu dana. Ako odaberete &#8220;Zapamti me&#8221;, va\u0161a \u0107e prijava trajati dva tjedna. Ako se odjavite s va\u0161eg ra\u010duna, kola\u010di\u0107i prijave bit \u0107e uklonjeni.<\/p><p>Ako uredite ili objavite \u010dlanak, u pregledniku \u0107e se spremati dodatni kola\u010di\u0107. Taj kola\u010di\u0107 ne sadr\u017ei osobne podatke i jednostavno ozna\u010dava ID \u010dlanka koji ste upravo uredili. Isti\u010de nakon 1 dana.<\/p><h2 class=\"wp-block-heading\">Ugra\u0111eni sadr\u017eaj s drugih web stranica<\/h2><p><strong class=\"privacy-policy-tutorial\">Suggested text:<\/strong> \u010clanci na ovom web mjestu mogu uklju\u010divati ugra\u0111eni sadr\u017eaj (npr. videozapise, slike, \u010dlanke itd.). Ugra\u0111eni sadr\u017eaj s drugih web mjesta pona\u0161a se na isti na\u010din kao da je posjetitelj posjetio drugo web mjesto.<\/p><p>Ta web mjesta mogu prikupljati podatke o vama, koristiti kola\u010di\u0107e, ugraditi dodatno pra\u0107enje tre\u0107ih strana i pratiti va\u0161u interakciju s tim ugra\u0111enim sadr\u017eajem, uklju\u010duju\u0107i pra\u0107enje va\u0161e interakcije s ugra\u0111enim sadr\u017eajem ako imate ra\u010dun i prijavljeni ste na to web mjesto.<\/p><h2 class=\"wp-block-heading\">S kim dijelimo va\u0161e podatke<\/h2><p><strong class=\"privacy-policy-tutorial\">Suggested text:<\/strong> Ako zatra\u017eite ponovno postavljanje lozinke, va\u0161a \u0107e IP adresa biti uklju\u010dena u e-po\u0161tu za ponovno postavljanje lozinke.<\/p><h2 class=\"wp-block-heading\">Koliko dugo zadr\u017eavamo va\u0161e podatke<\/h2><p><strong class=\"privacy-policy-tutorial\">Suggested text: <\/strong>Ako ostavite komentar, komentar i njegovi metapodaci zadr\u017eavaju se neograni\u010deno dugo. To je kako bismo mogli automatski prepoznati i odobriti sve naknadne komentare umjesto da ih dr\u017eimo u redoslijedu za umjeravanje.<\/p><p>Za korisnike koji se registriraju na na\u0161em web mjestu (ako ih ima), tako\u0111er pohranjujemo osobne informacije koje su nam dali u njihovom korisni\u010dkom profilu. Svi korisnici mogu u bilo koje vrijeme vidjeti, urediti ili izbrisati svoje osobne podatke (osim \u0161to ne mogu promijeniti svoje korisni\u010dko ime). Administratori web mjesta tako\u0111er mogu vidjeti i urediti te informacije.<\/p><h2 class=\"wp-block-heading\">Koja prava imate nad svojim podacima<\/h2><p><strong class=\"privacy-policy-tutorial\">Suggested text:<\/strong> Ako imate ra\u010dun na ovom web mjestu, ili ste ostavili komentare, mo\u017eete zatra\u017eiti primanje datoteke s izvezenim osobnim podacima koje imamo o vama, uklju\u010duju\u0107i sve podatke koje ste nam pru\u017eili. Tako\u0111er mo\u017eete zatra\u017eiti brisanje bilo kojih osobnih podataka koje imamo o vama. To ne uklju\u010duje podatke koje smo obavezni \u010duvati za administrativne, pravne ili sigurnosne svrhe.<\/p><h2 class=\"wp-block-heading\">Kamo se \u0161alju va\u0161i podaci<\/h2><p><strong class=\"privacy-policy-tutorial\">Suggested text:<\/strong> Komentari posjetitelja mogu se provjeravati pomo\u0107u automatizirane usluge za otkrivanje ne\u017eeljenih poruka.<\/p>","protected":false},"excerpt":{"rendered":"<p>Tko smo mi Suggested text: Na\u0161a web adresa je: https:\/\/vsg-resort.com. Komentari Suggested text: Kada posjetitelji ostavljaju komentare na web mjestu, prikupljamo podatke prikazane u obrascu za komentare, kao i IP adresu posjetitelja i niz korisni\u010dkog agenta preglednika radi pomo\u0107i u otkrivanju ne\u017eeljene po\u0161te. Anonimizirani niz stvoren od va\u0161e e-adrese (tako\u0111er nazvan he\u0161) mo\u017ee biti dostavljen [&hellip;]<\/p>\n","protected":false},"author":1,"featured_media":0,"parent":0,"menu_order":0,"comment_status":"closed","ping_status":"open","template":"","meta":{"_et_pb_use_builder":"","_et_pb_old_content":"","_et_gb_content_width":"","footnotes":""},"class_list":["post-2525","page","type-page","status-publish","hentry"],"_links":{"self":[{"href":"https:\/\/vsg-resort.com\/hr\/wp-json\/wp\/v2\/pages\/2525","targetHints":{"allow":["GET"]}}],"collection":[{"href":"https:\/\/vsg-resort.com\/hr\/wp-json\/wp\/v2\/pages"}],"about":[{"href":"https:\/\/vsg-resort.com\/hr\/wp-json\/wp\/v2\/types\/page"}],"author":[{"embeddable":true,"href":"https:\/\/vsg-resort.com\/hr\/wp-json\/wp\/v2\/users\/1"}],"replies":[{"embeddable":true,"href":"https:\/\/vsg-resort.com\/hr\/wp-json\/wp\/v2\/comments?post=2525"}],"version-history":[{"count":1,"href":"https:\/\/vsg-resort.com\/hr\/wp-json\/wp\/v2\/pages\/2525\/revisions"}],"predecessor-version":[{"id":2526,"href":"https:\/\/vsg-resort.com\/hr\/wp-json\/wp\/v2\/pages\/2525\/revisions\/2526"}],"wp:attachment":[{"href":"https:\/\/vsg-resort.com\/hr\/wp-json\/wp\/v2\/media?parent=2525"}],"curies":[{"name":"wp","href":"https:\/\/api.w.org\/{rel}","templated":true}]}}