{"id":2919,"date":"2023-11-06T17:35:29","date_gmt":"2023-11-06T17:35:29","guid":{"rendered":"https:\/\/vsg-resort.com\/ueber-die-gruenderin\/"},"modified":"2025-06-19T08:31:13","modified_gmt":"2025-06-19T08:31:13","slug":"ueber-die-gruenderin","status":"publish","type":"page","link":"https:\/\/vsg-resort.com\/de\/ueber-die-gruenderin\/","title":{"rendered":"\u00dcber die Gr\u00fcnderin"},"content":{"rendered":"<p>[et_pb_section fb_built=&#8221;1&#8243; admin_label=&#8221;Header&#8221; _builder_version=&#8221;4.23&#8243; _module_preset=&#8221;fbafb657-7e89-4a5f-a215-c1002b08098f&#8221; background_image=&#8221;https:\/\/vsg-resort.com\/wp-content\/uploads\/2023\/10\/DSC04730_reduce.jpg&#8221; custom_margin=&#8221;0px||0px||true|false&#8221; custom_padding=&#8221;50px||80px||false|false&#8221; locked=&#8221;off&#8221; collapsed=&#8221;off&#8221; global_colors_info=&#8221;{}&#8221;][et_pb_row _builder_version=&#8221;4.23&#8243; _module_preset=&#8221;default&#8221; custom_margin=&#8221;0px||0px||true|false&#8221; custom_padding=&#8221;0px||0px||true|false&#8221; collapsed=&#8221;off&#8221; global_colors_info=&#8221;{}&#8221;][et_pb_column type=&#8221;4_4&#8243; _builder_version=&#8221;4.22.0&#8243; _module_preset=&#8221;default&#8221; custom_padding=&#8221;60px||60px||true|false&#8221; custom_padding_tablet=&#8221;0px||0px||true|false&#8221; custom_padding_phone=&#8221;0px||0px||true|false&#8221; custom_padding_last_edited=&#8221;on|desktop&#8221; global_colors_info=&#8221;{}&#8221;][et_pb_text _builder_version=&#8221;4.23&#8243; _module_preset=&#8221;4b7e4325-18df-4fb4-b825-9bdbf7f3cb73&#8243; header_text_align=&#8221;center&#8221; header_text_color=&#8221;#FFFFFF&#8221; global_colors_info=&#8221;{}&#8221;]<\/p>\n<h1 style=\"text-align: center;\">GEIST \u2022 K\u00d6RPER \u2022 HERZ<\/h1>\n<p>[\/et_pb_text][\/et_pb_column][\/et_pb_row][\/et_pb_section][et_pb_section fb_built=&#8221;1&#8243; custom_padding_last_edited=&#8221;on|tablet&#8221; admin_label=&#8221;Feature&#8221; _builder_version=&#8221;4.23&#8243; _module_preset=&#8221;default&#8221; background_color=&#8221;#EDE7DC&#8221; background_image=&#8221;https:\/\/vsg-resort.com\/wp-content\/uploads\/2024\/01\/Master-39.png&#8221; parallax=&#8221;on&#8221; background_blend=&#8221;multiply&#8221; custom_padding=&#8221;80px||80px||true|false&#8221; custom_padding_tablet=&#8221;40px||40px||true|false&#8221; custom_padding_phone=&#8221;40px||40px||true|false&#8221; locked=&#8221;off&#8221; collapsed=&#8221;off&#8221; global_colors_info=&#8221;{}&#8221;][et_pb_row column_structure=&#8221;1_2,1_2&#8243; _builder_version=&#8221;4.23&#8243; _module_preset=&#8221;default&#8221; global_colors_info=&#8221;{}&#8221;][et_pb_column type=&#8221;1_2&#8243; _builder_version=&#8221;4.22.0&#8243; _module_preset=&#8221;default&#8221; global_colors_info=&#8221;{}&#8221;][et_pb_image src=&#8221;https:\/\/vsg-resort.com\/wp-content\/uploads\/2024\/01\/VSG_Klimno_4000px_190523-33_reduce.jpg&#8221; title_text=&#8221;VSG_Klimno_4000px_190523-33_reduce&#8221; show_bottom_space=&#8221;off&#8221; _builder_version=&#8221;4.23&#8243; _module_preset=&#8221;default&#8221; custom_margin=&#8221;|20%||-20%|false|false&#8221; border_color_all=&#8221;#9EBBC8&#8243; box_shadow_style=&#8221;preset3&#8243; global_colors_info=&#8221;{}&#8221;][\/et_pb_image][et_pb_gallery gallery_ids=&#8221;2855,617,251,616,417,243,414&#8243; fullwidth=&#8221;on&#8221; module_class=&#8221;lwp-arrow-color&#8221; _builder_version=&#8221;4.24.2&#8243; _module_preset=&#8221;default&#8221; max_width=&#8221;60%&#8221; module_alignment=&#8221;right&#8221; custom_margin=&#8221;-80%||||false|false&#8221; custom_padding=&#8221;|0%||0%|false|false&#8221; animation_style=&#8221;slide&#8221; animation_direction=&#8221;right&#8221; auto=&#8221;on&#8221; auto_speed=&#8221;4000&#8243; box_shadow_style=&#8221;preset1&#8243; box_shadow_blur=&#8221;10px&#8221; locked=&#8221;off&#8221; global_colors_info=&#8221;{}&#8221;][\/et_pb_gallery][\/et_pb_column][et_pb_column type=&#8221;1_2&#8243; _builder_version=&#8221;4.22.0&#8243; _module_preset=&#8221;default&#8221; global_colors_info=&#8221;{}&#8221;][et_pb_text _builder_version=&#8221;4.23&#8243; _module_preset=&#8221;d8a93c14-d506-4678-a69a-6c7ba3b25a8c&#8221; custom_margin=&#8221;||10px||false|false&#8221; animation_style=&#8221;slide&#8221; animation_direction=&#8221;right&#8221; global_colors_info=&#8221;{}&#8221;]<\/p>\n<h1>Hallo und Willkommen!<b><br \/><\/b><\/h1>\n<p>[\/et_pb_text][et_pb_text _builder_version=&#8221;4.23&#8243; _module_preset=&#8221;c4ffa35d-6f19-454d-afb8-3f59c4c3af3d&#8221; text_font_size=&#8221;14px&#8221; custom_padding=&#8221;|30px|||false|false&#8221; global_colors_info=&#8221;{}&#8221;]<\/p>\n<p>Ich bin Jekaterina Kabanova, Gr\u00fcnderin des VSG Resort und Neurointegrationstrainerin.<\/p>\n<p>Mit meinen Partnern haben wir das VSG Resort auf der Insel Krk von Grund auf aufgebaut \u2013 eine Herausforderung und eine einzigartige Gelegenheit<\/p>\n<p><strong>Das Leben kann intensiv werden, stimmt&#8217;s?<\/strong> Aufregung verwandelt si oft in M\u00fcdigkeit oder Angst, was zu Chaos f\u00fchrt.<\/p>\n<p>Auf der Suche nach Ruhe wandte ich mich dem Yoga zu, aber es in ein gesch\u00e4ftiges Leben zu integrieren, ist schwierig. Vor zwei Jahren habe ich intensiv daran gearbeitet zu verstehen, wie sich unsere Gehirnfunktionen auf unser Wohlbefinden auswirken Durch die Verbindung neurowissenschaftlicher Erkenntnisse mit der Weisheit des Yoga habe ich einen Rahmen f\u00fcr stetige Energie und Gl\u00fcck geschaffen.<\/p>\n<p>Es ist keine magische Pille, sondern eine Lebensver\u00e4nderung, die t\u00e4gliche Anstrengung in drei Schl\u00fcsselbereichen erfordert: F\u00fchlen, Denken und Handeln. Ich verbringe keine Stunden mit \u00dcben; Der gesamte Algorithmus integriert sich in meinen Alltag.<\/p>\n<p>[\/et_pb_text][et_pb_button button_url=&#8221;https:\/\/api.whatsapp.com\/send\/?phone=%2B385915298808&amp;text&amp;type=phone_number&amp;app_absent=0&#8243; button_text=&#8221;Anruf vereinbaren&#8221; button_alignment=&#8221;left&#8221; _builder_version=&#8221;4.24.2&#8243; _module_preset=&#8221;efdb95e4-64bc-4659-8b00-b4ba51a36752&#8243; animation_style=&#8221;slide&#8221; hover_enabled=&#8221;0&#8243; locked=&#8221;off&#8221; global_colors_info=&#8221;{}&#8221; sticky_enabled=&#8221;0&#8243;][\/et_pb_button][\/et_pb_column][\/et_pb_row][\/et_pb_section][et_pb_section fb_built=&#8221;1&#8243; custom_padding_last_edited=&#8221;on|tablet&#8221; next_background_color=&#8221;#EDE7DC&#8221; admin_label=&#8221;Feature&#8221; _builder_version=&#8221;4.23&#8243; _module_preset=&#8221;default&#8221; background_image=&#8221;https:\/\/vsg-resort.com\/wp-content\/uploads\/2023\/10\/DSC07249_reduce.jpg&#8221; parallax=&#8221;on&#8221; overflow-x=&#8221;hidden&#8221; overflow-y=&#8221;hidden&#8221; custom_padding=&#8221;150px||150px||true|false&#8221; custom_padding_tablet=&#8221;100px||100px||true|false&#8221; custom_padding_phone=&#8221;80px||80px||true|false&#8221; top_divider_style=&#8221;wave2&#8243; top_divider_color=&#8221;#EDE7DC&#8221; top_divider_height=&#8221;50px&#8221; top_divider_height_tablet=&#8221;50px&#8221; top_divider_height_phone=&#8221;25px&#8221; top_divider_height_last_edited=&#8221;on|phone&#8221; bottom_divider_style=&#8221;wave2&#8243; bottom_divider_height=&#8221;50px&#8221; bottom_divider_flip=&#8221;horizontal&#8221; bottom_divider_height_tablet=&#8221;50px&#8221; bottom_divider_height_phone=&#8221;25px&#8221; bottom_divider_height_last_edited=&#8221;on|phone&#8221; locked=&#8221;off&#8221; collapsed=&#8221;off&#8221; global_colors_info=&#8221;{}&#8221;][et_pb_row column_structure=&#8221;1_3,1_3,1_3&#8243; _builder_version=&#8221;4.23&#8243; _module_preset=&#8221;default&#8221; animation_style=&#8221;slide&#8221; global_colors_info=&#8221;{}&#8221;][et_pb_column type=&#8221;1_3&#8243; _builder_version=&#8221;4.23&#8243; _module_preset=&#8221;default&#8221; global_colors_info=&#8221;{}&#8221;][et_pb_number_counter title=&#8221; der Erwachsenen erleben Stress aufgrund von Unsicherheit \u00b9&#8221; number=&#8221;65&#8243; _builder_version=&#8221;4.23&#8243; _module_preset=&#8221;default&#8221; title_font=&#8221;||||||||&#8221; title_text_color=&#8221;#AA9380&#8243; global_colors_info=&#8221;{}&#8221;][\/et_pb_number_counter][\/et_pb_column][et_pb_column type=&#8221;1_3&#8243; _builder_version=&#8221;4.23&#8243; _module_preset=&#8221;default&#8221; global_colors_info=&#8221;{}&#8221;][et_pb_number_counter title=&#8221;Menschen leiden weltweit an psychischen St\u00f6rungen \u2074&#8221; number=&#8221;1 Milliarde&#8221; percent_sign=&#8221;off&#8221; _builder_version=&#8221;4.23&#8243; _module_preset=&#8221;default&#8221; title_text_color=&#8221;#AA9380&#8243; global_colors_info=&#8221;{}&#8221;][\/et_pb_number_counter][\/et_pb_column][et_pb_column type=&#8221;1_3&#8243; _builder_version=&#8221;4.23&#8243; _module_preset=&#8221;default&#8221; global_colors_info=&#8221;{}&#8221;][et_pb_number_counter title=&#8221;der Mitarbeiter erleben arbeitsbedingten Stress und Burnout\u00b2 \u00b3&#8221; number=&#8221;74-79&#8243; _builder_version=&#8221;4.23&#8243; _module_preset=&#8221;default&#8221; title_text_color=&#8221;#AA9380&#8243; global_colors_info=&#8221;{}&#8221;][\/et_pb_number_counter][\/et_pb_column][\/et_pb_row][et_pb_row _builder_version=&#8221;4.23&#8243; _module_preset=&#8221;default&#8221; global_colors_info=&#8221;{}&#8221;][et_pb_column type=&#8221;4_4&#8243; _builder_version=&#8221;4.23&#8243; _module_preset=&#8221;default&#8221; global_colors_info=&#8221;{}&#8221;][et_pb_text _builder_version=&#8221;4.23&#8243; _module_preset=&#8221;c4ffa35d-6f19-454d-afb8-3f59c4c3af3d&#8221; text_font_size=&#8221;14px&#8221; text_orientation=&#8221;center&#8221; custom_padding=&#8221;|30px|||false|false&#8221; global_colors_info=&#8221;{}&#8221;]* Laut Untersuchungen von (1) APA, (2) APA, (3) Gallup und (4) WHO[\/et_pb_text][\/et_pb_column][\/et_pb_row][et_pb_row _builder_version=&#8221;4.23&#8243; _module_preset=&#8221;default&#8221; background_color=&#8221;#AA9380&#8243; box_shadow_style=&#8221;preset3&#8243; global_colors_info=&#8221;{}&#8221;][et_pb_column type=&#8221;4_4&#8243; _builder_version=&#8221;4.23&#8243; _module_preset=&#8221;default&#8221; global_colors_info=&#8221;{}&#8221;][et_pb_text _builder_version=&#8221;4.23&#8243; _module_preset=&#8221;c4ffa35d-6f19-454d-afb8-3f59c4c3af3d&#8221; text_text_color=&#8221;#FFFFFF&#8221; text_font_size=&#8221;14px&#8221; background_enable_color=&#8221;off&#8221; custom_padding=&#8221;20px|20px|20px|20px|true|true&#8221; global_colors_info=&#8221;{}&#8221;]<\/p>\n<p style=\"text-align: center;\">Wir leben in einer sich sehr schnell entwickelnden Welt und leider kann sich nicht jeder darauf einstellen. Es liegt nicht in unseren H\u00e4nden, die Welt zu ver\u00e4ndern, aber wir k\u00f6nnen Individuen mit hochintensiven Leben die M\u00f6glichkeit geben, zu pausieren, sich zur\u00fcckzuziehen und die Freude in der nat\u00fcrlichen Sch\u00f6nheit der Insel Krk zu erleben.<strong><\/strong><\/p>\n<p style=\"text-align: center;\"><strong>Unsere Mission ist es, Leute mit einem hochintensiven Lebensstil dabei zu helfen, Stress zu reduzieren und einem Burnout vorzubeugen.<\/strong><\/p>\n<p>[\/et_pb_text][et_pb_button button_url=&#8221;https:\/\/neurointegration.typeform.com\/to\/C2lQ1Q9h?typeform-source=neurointegration.getcourse.ru&#8221; url_new_window=&#8221;on&#8221; button_text=&#8221;Test starten&#8221; button_alignment=&#8221;center&#8221; _builder_version=&#8221;4.23&#8243; _module_preset=&#8221;2f8ade92-8be4-45dd-8ee5-22786ac25ce6&#8243; locked=&#8221;off&#8221; global_colors_info=&#8221;{}&#8221;][\/et_pb_button][\/et_pb_column][\/et_pb_row][\/et_pb_section][et_pb_section fb_built=&#8221;1&#8243; custom_padding_last_edited=&#8221;on|tablet&#8221; admin_label=&#8221;About&#8221; _builder_version=&#8221;4.23&#8243; _module_preset=&#8221;default&#8221; background_color=&#8221;#EDE7DC&#8221; background_image=&#8221;https:\/\/vsg-resort.com\/wp-content\/uploads\/2024\/01\/Master-37.png&#8221; parallax=&#8221;on&#8221; custom_padding=&#8221;80px||80px||true|false&#8221; custom_padding_tablet=&#8221;40px||40px||true|false&#8221; custom_padding_phone=&#8221;40px||40px||true|false&#8221; locked=&#8221;off&#8221; collapsed=&#8221;on&#8221; global_colors_info=&#8221;{}&#8221;][et_pb_row _builder_version=&#8221;4.17.6&#8243; _module_preset=&#8221;default&#8221; max_width=&#8221;890px&#8221; global_colors_info=&#8221;{}&#8221;][et_pb_column type=&#8221;4_4&#8243; _builder_version=&#8221;4.17.6&#8243; _module_preset=&#8221;default&#8221; global_colors_info=&#8221;{}&#8221;][et_pb_text _builder_version=&#8221;4.23&#8243; _module_preset=&#8221;default&#8221; custom_padding=&#8221;||30px||false|false&#8221; animation_style=&#8221;slide&#8221; global_colors_info=&#8221;{}&#8221;]<\/p>\n<h1 style=\"text-align: center;\">Wie wir zusammenarbeiten k\u00f6nnen<\/h1>\n<p>[\/et_pb_text][\/et_pb_column][\/et_pb_row][et_pb_row column_structure=&#8221;1_3,1_3,1_3&#8243; use_custom_gutter=&#8221;on&#8221; gutter_width=&#8221;2&#8243; make_equal=&#8221;on&#8221; _builder_version=&#8221;4.23&#8243; _module_preset=&#8221;default&#8221; module_alignment=&#8221;center&#8221; custom_padding=&#8221;50px||50px||true|false&#8221; global_colors_info=&#8221;{}&#8221;][et_pb_column type=&#8221;1_3&#8243; _builder_version=&#8221;4.23&#8243; _module_preset=&#8221;default&#8221; background_color=&#8221;#76765B&#8221; custom_padding=&#8221;20px|20px|30px|20px|false|true&#8221; animation_style=&#8221;fade&#8221; box_shadow_style=&#8221;preset3&#8243; box_shadow_blur=&#8221;10px&#8221; global_colors_info=&#8221;{}&#8221;][et_pb_image src=&#8221;https:\/\/vsg-resort.com\/wp-content\/uploads\/2023\/10\/Asset-15@500x.png&#8221; title_text=&#8221;Asset 15@500x&#8221; align=&#8221;center&#8221; disabled_on=&#8221;on|on|off&#8221; _builder_version=&#8221;4.23&#8243; _module_preset=&#8221;default&#8221; width=&#8221;50%&#8221; custom_margin=&#8221;-95px||||false|false&#8221; custom_padding=&#8221;||||false|false&#8221; animation_style=&#8221;roll&#8221; global_colors_info=&#8221;{}&#8221;][\/et_pb_image][et_pb_gallery gallery_ids=&#8221;198,236,635,785,404&#8243; fullwidth=&#8221;on&#8221; module_class=&#8221;lwp-arrow-color&#8221; _builder_version=&#8221;4.23&#8243; _module_preset=&#8221;default&#8221; auto=&#8221;on&#8221; auto_speed=&#8221;5000&#8243; global_colors_info=&#8221;{}&#8221;][\/et_pb_gallery][et_pb_text _builder_version=&#8221;4.23&#8243; _module_preset=&#8221;default&#8221; text_text_color=&#8221;#FFFFFF&#8221; header_text_color=&#8221;#FFFFFF&#8221; custom_padding=&#8221;20px||20px||true|false&#8221; global_colors_info=&#8221;{}&#8221;]<\/p>\n<h1 style=\"text-align: center;\"> Event Organisation<\/h1>\n<p style=\"text-align: center;\"><span style=\"font-weight: 400;\">Als erfahrener Organisator von Retreats und Selbstentwicklungsprogrammen helfe ich Ihnen gerne bei der Organisation Ihres Events oder Retreats im VSG-Resort zu helfen. Ich werde Sie pers\u00f6nlich durch jeden Schritt Ihrer Reise begleiten. Wir k\u00f6nnen mit einem 30-min\u00fctigen Anruf beginnen.<\/span><\/p>\n<p>[\/et_pb_text][\/et_pb_column][et_pb_column type=&#8221;1_3&#8243; _builder_version=&#8221;4.23&#8243; _module_preset=&#8221;default&#8221; background_color=&#8221;#AA9380&#8243; custom_padding=&#8221;20px|20px|30px|20px|false|true&#8221; animation_style=&#8221;fade&#8221; box_shadow_style=&#8221;preset3&#8243; box_shadow_blur=&#8221;10px&#8221; global_colors_info=&#8221;{}&#8221;][et_pb_image src=&#8221;https:\/\/vsg-resort.com\/wp-content\/uploads\/2023\/10\/Asset-13@500x.png&#8221; title_text=&#8221;Asset 13@500x&#8221; align=&#8221;center&#8221; disabled_on=&#8221;on|on|off&#8221; _builder_version=&#8221;4.23&#8243; _module_preset=&#8221;default&#8221; width=&#8221;50%&#8221; custom_margin=&#8221;-95px||||false|false&#8221; custom_padding=&#8221;||||false|false&#8221; animation_style=&#8221;roll&#8221; global_colors_info=&#8221;{}&#8221;][\/et_pb_image][et_pb_gallery gallery_ids=&#8221;191,188,192,600&#8243; fullwidth=&#8221;on&#8221; module_class=&#8221;lwp-arrow-color&#8221; _builder_version=&#8221;4.23&#8243; _module_preset=&#8221;default&#8221; auto=&#8221;on&#8221; auto_speed=&#8221;5000&#8243; global_colors_info=&#8221;{}&#8221;][\/et_pb_gallery][et_pb_text _builder_version=&#8221;4.23&#8243; _module_preset=&#8221;default&#8221; text_text_color=&#8221;#FFFFFF&#8221; header_text_color=&#8221;#FFFFFF&#8221; custom_padding=&#8221;20px||20px||true|false&#8221; global_colors_info=&#8221;{}&#8221;]<\/p>\n<h1 style=\"text-align: center;\">Master Class<\/h1>\n<p style=\"text-align: center;\"><span style=\"font-weight: 400;\">Es w\u00fcrde mich freuen, eine Meisterklasse auf Ihrem Event durchzuf\u00fchren, bei der ich meinen einzigartigen Erfolgs- und Gl\u00fccksalgorithmus teile, der auf einem Verst\u00e4ndnis der Gehirnfunktion und der Weisheit des Yoga basiert.<\/span><\/p>\n<p>[\/et_pb_text][\/et_pb_column][et_pb_column type=&#8221;1_3&#8243; _builder_version=&#8221;4.16&#8243; _module_preset=&#8221;default&#8221; background_color=&#8221;#9EBBC8&#8243; custom_padding=&#8221;20px|20px|30px|20px|false|true&#8221; animation_style=&#8221;fade&#8221; box_shadow_style=&#8221;preset3&#8243; box_shadow_blur=&#8221;10px&#8221; global_colors_info=&#8221;{}&#8221;][et_pb_image src=&#8221;https:\/\/vsg-resort.com\/wp-content\/uploads\/2023\/10\/Asset-14@500x.png&#8221; title_text=&#8221;Asset 14@500x&#8221; align=&#8221;center&#8221; disabled_on=&#8221;on|on|off&#8221; _builder_version=&#8221;4.23&#8243; _module_preset=&#8221;default&#8221; width=&#8221;50%&#8221; custom_margin=&#8221;-95px||||false|false&#8221; custom_padding=&#8221;||||false|false&#8221; animation_style=&#8221;roll&#8221; global_colors_info=&#8221;{}&#8221;][\/et_pb_image][et_pb_gallery gallery_ids=&#8221;790,195&#8243; fullwidth=&#8221;on&#8221; module_class=&#8221;lwp-arrow-color&#8221; _builder_version=&#8221;4.23&#8243; _module_preset=&#8221;default&#8221; auto=&#8221;on&#8221; auto_speed=&#8221;5000&#8243; global_colors_info=&#8221;{}&#8221;][\/et_pb_gallery][et_pb_text _builder_version=&#8221;4.23&#8243; _module_preset=&#8221;default&#8221; text_text_color=&#8221;#FFFFFF&#8221; header_text_color=&#8221;#FFFFFF&#8221; custom_padding=&#8221;20px||20px||true|false&#8221; global_colors_info=&#8221;{}&#8221;]<\/p>\n<h1 style=\"text-align: center;\">Pers\u00f6nliche Sitzung<\/h1>\n<p style=\"text-align: center;\"><span style=\"font-weight: 400;\">Wenn Sie pers\u00f6nlich mit mir zusammenarbeiten m\u00f6chten, biete ich eine 20-min\u00fctige Einf\u00fchrungssitzung an, in der ich bespreche, was Sie daran hindert, die gew\u00fcnschten Ergebnisse zu erzielen, und Empfehlungen gebe.<\/span><\/p>\n<p>[\/et_pb_text][\/et_pb_column][\/et_pb_row][et_pb_row _builder_version=&#8221;4.17.6&#8243; _module_preset=&#8221;default&#8221; max_width=&#8221;890px&#8221; global_colors_info=&#8221;{}&#8221;][et_pb_column type=&#8221;4_4&#8243; _builder_version=&#8221;4.17.6&#8243; _module_preset=&#8221;default&#8221; global_colors_info=&#8221;{}&#8221;][et_pb_text _builder_version=&#8221;4.23&#8243; _module_preset=&#8221;default&#8221; animation_style=&#8221;slide&#8221; global_colors_info=&#8221;{}&#8221;]<\/p>\n<h1 style=\"text-align: center;\">Ich freue mich darauf, mit euch in Verbindung zu treten, Freunde!<\/h1>\n<p>[\/et_pb_text][\/et_pb_column][\/et_pb_row][\/et_pb_section][et_pb_section fb_built=&#8221;1&#8243; custom_padding_last_edited=&#8221;on|tablet&#8221; module_class=&#8221;callwithkate&#8221; _builder_version=&#8221;4.24.2&#8243; _module_preset=&#8221;default&#8221; background_color=&#8221;#9EBBC8&#8243; background_enable_image=&#8221;off&#8221; parallax=&#8221;on&#8221; custom_padding=&#8221;80px||80px||true|false&#8221; custom_padding_tablet=&#8221;40px||40px||true|false&#8221; custom_padding_phone=&#8221;40px||40px||true|false&#8221; global_module=&#8221;1005&#8243; saved_tabs=&#8221;all&#8221; locked=&#8221;off&#8221; global_colors_info=&#8221;{}&#8221;][et_pb_row use_custom_gutter=&#8221;on&#8221; make_equal=&#8221;on&#8221; _builder_version=&#8221;4.23&#8243; _module_preset=&#8221;default&#8221; global_colors_info=&#8221;{}&#8221;][et_pb_column type=&#8221;4_4&#8243; _builder_version=&#8221;4.23&#8243; _module_preset=&#8221;default&#8221; global_colors_info=&#8221;{}&#8221;][et_pb_text _builder_version=&#8221;4.24.2&#8243; _module_preset=&#8221;default&#8221; header_text_color=&#8221;#FFFFFF&#8221; custom_padding=&#8221;|30px|||false|false&#8221; animation_style=&#8221;slide&#8221; animation_direction=&#8221;left&#8221; global_colors_info=&#8221;{}&#8221;]<\/p>\n<h1 class=\"aJYfwRAjpy85vGyjTA_k aNTWZDYqtNuY8Y3A0Rlw nCQmpQ3zRtu1xXb_x8YC lfS31_5Mqhye4NzHzcKh\" style=\"text-align: center;\">30-min\u00fctiges Treffen \u00fcber Ihre Veranstaltung im VSG Resort<\/h1>\n<p>[\/et_pb_text][et_pb_button button_url=&#8221;https:\/\/wa.me\/+385915298808&#8243; url_new_window=&#8221;on&#8221; button_text=&#8221;MELDEN SIE SICH BEI KATE&#8221; button_alignment=&#8221;center&#8221; _builder_version=&#8221;4.24.2&#8243; _module_preset=&#8221;2f8ade92-8be4-45dd-8ee5-22786ac25ce6&#8243; global_colors_info=&#8221;{}&#8221;][\/et_pb_button][\/et_pb_column][\/et_pb_row][\/et_pb_section]<\/p>\n","protected":false},"excerpt":{"rendered":"<p>GEIST \u2022 K\u00d6RPER \u2022 HERZHallo und Willkommen!Ich bin Jekaterina Kabanova, Gr\u00fcnderin des VSG Resort und Neurointegrationstrainerin. Mit meinen Partnern haben wir das VSG Resort auf der Insel Krk von Grund auf aufgebaut \u2013 eine Herausforderung und eine einzigartige Gelegenheit Das Leben kann intensiv werden, stimmt&#8217;s? Aufregung verwandelt si oft in M\u00fcdigkeit oder Angst, was zu Chaos f\u00fchrt. Auf der Suche nach Ruhe wandte ich mich dem Yoga zu, aber es in ein gesch\u00e4ftiges Leben zu integrieren, ist schwierig. Vor zwei Jahren habe ich intensiv daran gearbeitet zu verstehen, wie sich unsere Gehirnfunktionen auf unser Wohlbefinden auswirken Durch die Verbindung neurowissenschaftlicher Erkenntnisse mit der Weisheit des Yoga habe ich einen Rahmen f\u00fcr stetige Energie und Gl\u00fcck geschaffen. Es ist keine magische Pille, sondern eine Lebensver\u00e4nderung, die t\u00e4gliche Anstrengung in drei Schl\u00fcsselbereichen erfordert: F\u00fchlen, Denken und Handeln. Ich verbringe keine Stunden mit \u00dcben; Der gesamte Algorithmus integriert sich in meinen Alltag.* Laut Untersuchungen von (1) APA, (2) APA, (3) Gallup und (4) WHOWir leben in einer sich sehr schnell entwickelnden Welt und leider kann sich nicht jeder darauf einstellen. Es liegt nicht in unseren H\u00e4nden, die Welt zu ver\u00e4ndern, aber wir k\u00f6nnen Individuen mit hochintensiven Leben die M\u00f6glichkeit geben, zu pausieren, sich [&hellip;]<\/p>\n","protected":false},"author":2,"featured_media":1774,"parent":0,"menu_order":0,"comment_status":"closed","ping_status":"closed","template":"","meta":{"_et_pb_use_builder":"on","_et_pb_old_content":"","_et_gb_content_width":"","footnotes":""},"class_list":["post-2919","page","type-page","status-publish","has-post-thumbnail","hentry"],"_links":{"self":[{"href":"https:\/\/vsg-resort.com\/de\/wp-json\/wp\/v2\/pages\/2919","targetHints":{"allow":["GET"]}}],"collection":[{"href":"https:\/\/vsg-resort.com\/de\/wp-json\/wp\/v2\/pages"}],"about":[{"href":"https:\/\/vsg-resort.com\/de\/wp-json\/wp\/v2\/types\/page"}],"author":[{"embeddable":true,"href":"https:\/\/vsg-resort.com\/de\/wp-json\/wp\/v2\/users\/2"}],"replies":[{"embeddable":true,"href":"https:\/\/vsg-resort.com\/de\/wp-json\/wp\/v2\/comments?post=2919"}],"version-history":[{"count":13,"href":"https:\/\/vsg-resort.com\/de\/wp-json\/wp\/v2\/pages\/2919\/revisions"}],"predecessor-version":[{"id":4393,"href":"https:\/\/vsg-resort.com\/de\/wp-json\/wp\/v2\/pages\/2919\/revisions\/4393"}],"wp:featuredmedia":[{"embeddable":true,"href":"https:\/\/vsg-resort.com\/de\/wp-json\/wp\/v2\/media\/1774"}],"wp:attachment":[{"href":"https:\/\/vsg-resort.com\/de\/wp-json\/wp\/v2\/media?parent=2919"}],"curies":[{"name":"wp","href":"https:\/\/api.w.org\/{rel}","templated":true}]}}