{"id":2527,"date":"2023-11-06T17:35:29","date_gmt":"2023-11-06T17:35:29","guid":{"rendered":"https:\/\/vsg-resort.com\/datenschutzrichtlinie\/"},"modified":"2024-03-17T17:00:32","modified_gmt":"2024-03-17T17:00:32","slug":"datenschutzrichtlinie","status":"publish","type":"page","link":"https:\/\/vsg-resort.com\/de\/datenschutzrichtlinie\/","title":{"rendered":"Datenschutzrichtlinie"},"content":{"rendered":"<h2 class=\"wp-block-heading\">Wer wir sind<\/h2><p><strong class=\"privacy-policy-tutorial\">Suggested text: <\/strong>Unsere Webseite-Adresse lautet: https:\/\/vsg-resort.com.<\/p><h2 class=\"wp-block-heading\">Kommentare<\/h2><p><strong class=\"privacy-policy-tutorial\">Suggested text:<\/strong> Wenn Besucher Kommentare auf der Website hinterlassen, erfassen wir die in dem Kommentarformular angezeigten Daten sowie die IP-Adresse und den Browser-Benutzeragenten-String des Besuchers, um bei der Spam-Erkennung zu helfen.<\/p><p>Eine anonymisierte Zeichenfolge, die aus Ihrer E-Mail-Adresse erstellt wurde (auch als Hash bezeichnet), kann dem Gravatar-Dienst bereitgestellt werden, um zu sehen, ob Sie ihn verwenden. Die Datenschutzrichtlinie des Gravatar-Dienstes finden Sie hier: https:\/\/automattic.com\/privacy\/. Nach Genehmigung Ihres Kommentars ist Ihr Profilbild im Zusammenhang mit Ihrem Kommentar \u00f6ffentlich sichtbar.<\/p><h2 class=\"wp-block-heading\">Medien<\/h2><p><strong class=\"privacy-policy-tutorial\">Suggested text:<\/strong> Wenn Sie Bilder auf die Website hochladen, sollten Sie vermeiden, Bilder mit eingebetteten Standortdaten (EXIF GPS) hochzuladen. Besucher der Website k\u00f6nnen Standortdaten aus Bildern auf der Website herunterladen und extrahieren.<\/p><h2 class=\"wp-block-heading\">Cookies<\/h2><p><strong class=\"privacy-policy-tutorial\">Suggested text:<\/strong> Wenn Sie einen Kommentar auf unserer Website hinterlassen, k\u00f6nnen Sie w\u00e4hlen, Ihren Namen, Ihre E-Mail-Adresse und Ihre Website in Cookies zu speichern. Diese sind f\u00fcr Ihre Bequemlichkeit, damit Sie Ihre Details nicht erneut ausf\u00fcllen m\u00fcssen, wenn Sie einen weiteren Kommentar hinterlassen. Diese Cookies halten ein Jahr lang.<\/p><p>Wenn Sie unsere Anmeldeseite besuchen, setzen wir ein tempor\u00e4res Cookie, um zu pr\u00fcfen, ob Ihr Browser Cookies akzeptiert. Dieses Cookie enth\u00e4lt keine pers\u00f6nlichen Daten und wird verworfen, wenn Sie Ihren Browser schlie\u00dfen.<\/p><p>Wenn Sie sich anmelden, richten wir auch mehrere Cookies ein, um Ihre Anmeldeinformationen und Ihre Bildschirmanzeigeoptionen zu speichern. Anmelde-Cookies halten zwei Tage lang, und Bildschirmoptions-Cookies halten ein Jahr lang. Wenn Sie &#8220;Remember Me&#8221; ausw\u00e4hlen, bleibt Ihre Anmeldung zwei Wochen lang bestehen. Wenn Sie sich aus Ihrem Konto abmelden, werden die Anmelde-Cookies entfernt.<\/p><p>Wenn Sie einen Artikel bearbeiten oder ver\u00f6ffentlichen, wird ein zus\u00e4tzliches Cookie in Ihrem Browser gespeichert. Dieses Cookie enth\u00e4lt keine pers\u00f6nlichen Daten und gibt lediglich die Beitrag-ID des von Ihnen bearbeiteten Artikels an. Es l\u00e4uft nach einem Tag ab.<\/p><h2 class=\"wp-block-heading\">Eingebetteter Inhalt von anderen Websites<\/h2><p><strong class=\"privacy-policy-tutorial\">Suggested text:<\/strong> Artikel auf dieser Website k\u00f6nnen eingebetteten Inhalt (z. B. Videos, Bilder, Artikel usw.) enthalten. Eingebetteter Inhalt von anderen Websites verh\u00e4lt sich genauso, als ob der Besucher die andere Website besucht h\u00e4tte.<\/p><p>Diese Websites k\u00f6nnen Daten \u00fcber Sie sammeln, Cookies verwenden, zus\u00e4tzliche Tracking-Dienste von Dritten einbetten und Ihre Interaktion mit diesem eingebetteten Inhalt \u00fcberwachen, einschlie\u00dflich der Verfolgung Ihrer Interaktion mit dem eingebetteten Inhalt, wenn Sie ein Konto haben und auf dieser Website angemeldet sind.<\/p><h2 class=\"wp-block-heading\">Mit wem wir Ihre Daten teilen<\/h2><p><strong class=\"privacy-policy-tutorial\">Suggested text:<\/strong> Wenn Sie eine Passwortr\u00fccksetzung anfordern, wird Ihre IP-Adresse in der R\u00fccksetzungsmail enthalten sein.<\/p><h2 class=\"wp-block-heading\">Wie lange wir Ihre Daten aufbewahren<\/h2><p><strong class=\"privacy-policy-tutorial\">Suggested text:<\/strong> Wenn Sie einen Kommentar hinterlassen, werden der Kommentar und seine Metadaten unbegrenzt gespeichert. Dadurch k\u00f6nnen wir automatisch alle Folgekommentare erkennen und genehmigen, anstatt sie in einer Moderationswarteschlange zu halten.<\/p><p>F\u00fcr Benutzer, die sich auf unserer Website registrieren (falls vorhanden), speichern wir auch die pers\u00f6nlichen Informationen, die sie in ihrem Benutzerprofil angeben. Alle Benutzer k\u00f6nnen ihre pers\u00f6nlichen Informationen jederzeit einsehen, bearbeiten oder l\u00f6schen (au\u00dfer sie k\u00f6nnen ihren Benutzernamen nicht \u00e4ndern). Auch Website-Administratoren k\u00f6nnen diese Informationen sehen und bearbeiten.<\/p><h2 class=\"wp-block-heading\">Welche Rechte Sie an Ihren Daten haben<\/h2><p><strong class=\"privacy-policy-tutorial\">Suggested text:<\/strong> Wenn Sie ein Konto auf dieser Website haben oder Kommentare hinterlassen haben, k\u00f6nnen Sie beantragen, eine exportierte Datei der personenbezogenen Daten, die wir \u00fcber Sie gespeichert haben, zu erhalten, einschlie\u00dflich aller von Ihnen bereitgestellten Daten. Sie k\u00f6nnen auch verlangen, dass wir alle personenbezogenen Daten, die wir \u00fcber Sie gespeichert haben, l\u00f6schen. Dies umfasst nicht die Daten, die wir zu administrativen, rechtlichen oder Sicherheitszwecken aufbewahren m\u00fcssen.<\/p><h2 class=\"wp-block-heading\">Wohin Ihre Daten gesendet werden<\/h2><p><strong class=\"privacy-policy-tutorial\">Suggested text:<\/strong>Besucherkommentare k\u00f6nnen durch einen automatisierten Spam-Erkennungsdienst \u00fcberpr\u00fcft werden.<\/p>","protected":false},"excerpt":{"rendered":"<p>Wer wir sind Suggested text: Unsere Webseite-Adresse lautet: https:\/\/vsg-resort.com. Kommentare Suggested text: Wenn Besucher Kommentare auf der Website hinterlassen, erfassen wir die in dem Kommentarformular angezeigten Daten sowie die IP-Adresse und den Browser-Benutzeragenten-String des Besuchers, um bei der Spam-Erkennung zu helfen. Eine anonymisierte Zeichenfolge, die aus Ihrer E-Mail-Adresse erstellt wurde (auch als Hash bezeichnet), kann [&hellip;]<\/p>\n","protected":false},"author":1,"featured_media":0,"parent":0,"menu_order":0,"comment_status":"closed","ping_status":"open","template":"","meta":{"_et_pb_use_builder":"","_et_pb_old_content":"","_et_gb_content_width":"","footnotes":""},"class_list":["post-2527","page","type-page","status-publish","hentry"],"_links":{"self":[{"href":"https:\/\/vsg-resort.com\/de\/wp-json\/wp\/v2\/pages\/2527","targetHints":{"allow":["GET"]}}],"collection":[{"href":"https:\/\/vsg-resort.com\/de\/wp-json\/wp\/v2\/pages"}],"about":[{"href":"https:\/\/vsg-resort.com\/de\/wp-json\/wp\/v2\/types\/page"}],"author":[{"embeddable":true,"href":"https:\/\/vsg-resort.com\/de\/wp-json\/wp\/v2\/users\/1"}],"replies":[{"embeddable":true,"href":"https:\/\/vsg-resort.com\/de\/wp-json\/wp\/v2\/comments?post=2527"}],"version-history":[{"count":1,"href":"https:\/\/vsg-resort.com\/de\/wp-json\/wp\/v2\/pages\/2527\/revisions"}],"predecessor-version":[{"id":2528,"href":"https:\/\/vsg-resort.com\/de\/wp-json\/wp\/v2\/pages\/2527\/revisions\/2528"}],"wp:attachment":[{"href":"https:\/\/vsg-resort.com\/de\/wp-json\/wp\/v2\/media?parent=2527"}],"curies":[{"name":"wp","href":"https:\/\/api.w.org\/{rel}","templated":true}]}}